{"id":2621,"date":"2019-07-19T08:47:26","date_gmt":"2019-07-19T06:47:26","guid":{"rendered":"https:\/\/poseidonblue.gr\/faq\/"},"modified":"2022-12-15T17:45:12","modified_gmt":"2022-12-15T15:45:12","slug":"faq","status":"publish","type":"page","link":"https:\/\/poseidonblue.gr\/de\/faq\/","title":{"rendered":"H\u00c4UFIG GESTELLTE FRAGEN"},"content":{"rendered":"<p>[vc_row][vc_column][vc_tta_accordion][vc_tta_section title=&#8220;Warum sollte ich das Poseidon Blue Gastronomy Hotel f\u00fcr meinen Aufenthalt auf Karpathos w\u00e4hlen?&#8220; tab_id=&#8220;1563517970136-343bfcfb-fdea&#8220;][vc_column_text]Unser familiengef\u00fchrtes Hotel ist seit 1983 in Betrieb. Es befindet sich oberhalb des Strandes Damatria, in der Gegend von Afiartis. Seine Lage ist ideal f\u00fcr alle G\u00e4ste, die einen erholsamen Urlaub verbringen m\u00f6chten, aber auch f\u00fcr diejenigen, die Wassersport lieben. Unser ber\u00fchmtes Restaurant wird Ihnen eine unvergessliche gastronomische Reise bieten, und unsere Einrichtungen sind ideal f\u00fcr diejenigen, die sich mit der Tradition verbinden m\u00f6chten.[\/vc_column_text][\/vc_tta_section][vc_tta_section title=&#8220;Wie komme ich zum Poseidon Blue Gastronomy Hotel auf Karpathos?&#8220; tab_id=&#8220;1563517970160-d6c99580-92b6&#8243;][vc_column_text]Sie k\u00f6nnen Karpathos entweder mit dem Schiff oder mit dem Flugzeug erreichen. Es werden Verbindungen aus verschiedenen Teilen Griechenlands und dem Ausland angeboten. Das Hotel liegt nur 4 km vom Flughafen der Insel und 11 km von Pigadia entfernt. In beiden F\u00e4llen k\u00f6nnen Sie mit dem Auto oder dem Bus anreisen.[\/vc_column_text][\/vc_tta_section][vc_tta_section title=&#8220;Wann ist der Check-In \/ Check-Out im Poseidon Blue Gastronomy Hotel?&#8220; tab_id=&#8220;1563518344652-4bd5c33d-7bf6&#8243;][vc_column_text]Check-In ist um 14:00 Uhr und Check-Out um 11:00 Uhr. Kontaktieren Sie uns f\u00fcr Informationen \u00fcber An- und Abreisezeiten zu und von unserem Hotel.[\/vc_column_text][\/vc_tta_section][vc_tta_section title=&#8220;Welche Aktivit\u00e4ten sollte man auf Karpathos unternehmen?&#8220; tab_id=&#8220;1563518386510-b729193f-5c4a&#8220;][vc_column_text]Karpathos ist eine Insel, die Aktivit\u00e4ten f\u00fcr alle Geschm\u00e4cker bietet. Die Wanderwege auf der Insel sind ideal f\u00fcr Naturliebhaber, und sie k\u00f6nnen ebenfalls Bootsfahrten unternehmen. Wenn Sie das Abenteuer lieben, finden Sie in Afiartis viele Str\u00e4nde, die f\u00fcr Wassersportarten ber\u00fchmt sind.[\/vc_column_text][\/vc_tta_section][vc_tta_section title=&#8220;Welche Sehensw\u00fcrdigkeiten sollte ich in Karpathos besuchen?&#8220; tab_id=&#8220;1563518460765-3e10676a-2c46&#8243;][vc_column_text]Karpathos bietet pure Natursch\u00f6nheit, lebendige Tradition und eine lange Geschichte. Besuchen Sie Str\u00e4nde mit kristallklarem Wasser, traditionelle Siedlungen und die Museen der Insel f\u00fcr einen einzigartigen Urlaub, der so ziemlich alles hat![\/vc_column_text][\/vc_tta_section][vc_tta_section title=&#8220;Welche sind die besten Str\u00e4nde auf Karpathos?&#8220; tab_id=&#8220;1563518525438-00b0c362-bdba&#8220;][vc_column_text]Die Insel verf\u00fcgt \u00fcber mehr als 100 registrierte Str\u00e4nde. Von den ber\u00fchmten Apella und Agios Minas bis hin zu Achata mit seinem herrlichen Meeresgrund bietet Ihnen jeder Strand ein einzigartiges Erlebnis![\/vc_column_text][\/vc_tta_section][vc_tta_section title=&#8220;Wie kann ich eine Reservierung im Poseidon Blue Gastronomy Hotel vornehmen?&#8220; tab_id=&#8220;1563518551614-de1ee8fc-1a6f&#8220;][vc_column_text]Sie k\u00f6nnen Ihre Reservierung einfach und schnell online \u00fcber unsere Hotel-Website vornehmen. W\u00e4hlen Sie zwischen unseren Zimmern und Suiten die Unterkunft, die am besten zu Ihren Bed\u00fcrfnissen passt und buchen Sie Ihren Aufenthalt noch heute f\u00fcr ein unvergessliches Erlebnis![\/vc_column_text][\/vc_tta_section][vc_tta_section title=&#8220;Was finde ich auf der Speisekarte des Poseidon Blue Restaurant?&#8220; tab_id=&#8220;1563518727647-cee22476-17ef&#8220;][vc_column_text]Das Poseidon Blue Restaurant bietet mediterrane und internationale K\u00fcche, Brot direkt aus dem Holzofen, frische lokale Zutaten, K\u00e4se und Weine aus ganz Griechenland und vieles mehr. Sonntags k\u00f6nnen Sie die Spezialit\u00e4ten der Chefk\u00f6chin, wie Lamm mit Bulgur und Schweinshaxe, genie\u00dfen.[\/vc_column_text][\/vc_tta_section][vc_tta_section title=&#8220;Welche Kenntnisse werde ich in den Kochkursen erwerben?&#8220; tab_id=&#8220;1563518778172-1282f6c8-1f48&#8243;][vc_column_text]In den von uns organisierten Kochkursen haben Sie die Gelegenheit, die Chefk\u00f6chin Angela Papavassiliou kennenzulernen, unter ihrer Anleitung traditionelle Rezepte zu kochen und die von Ihnen kreierten Gerichte gemeinsam zu verkosten.[\/vc_column_text][\/vc_tta_section][\/vc_tta_accordion][\/vc_column][\/vc_row][vc_row][vc_column][vc_empty_space][\/vc_column][\/vc_row]<\/p>\n","protected":false},"excerpt":{"rendered":"<p>[vc_row][vc_column][vc_tta_accordion][vc_tta_section title=&#8220;Warum sollte ich das Poseidon Blue Gastronomy Hotel f\u00fcr meinen Aufenthalt auf Karpathos w\u00e4hlen?&#8220; tab_id=&#8220;1563517970136-343bfcfb-fdea&#8220;][vc_column_text]Unser familiengef\u00fchrtes Hotel ist seit 1983 in Betrieb. Es befindet sich oberhalb des Strandes Damatria, in der Gegend von Afiartis. Seine Lage ist ideal f\u00fcr alle G\u00e4ste, die einen erholsamen Urlaub verbringen m\u00f6chten, aber auch f\u00fcr diejenigen, die Wassersport lieben&#8230;.<\/p>\n","protected":false},"author":17,"featured_media":2301,"parent":0,"menu_order":0,"comment_status":"closed","ping_status":"closed","template":"","meta":{"footnotes":""},"class_list":["post-2621","page","type-page","status-publish","has-post-thumbnail","hentry"],"yoast_head":"<!-- This site is optimized with the Yoast SEO plugin v26.5 - https:\/\/yoast.com\/wordpress\/plugins\/seo\/ -->\n<title>H\u00c4UFIG GESTELLTE FRAGEN - Poseidon Blue Gastronomy Hotel | Karpathos<\/title>\n<meta name=\"robots\" content=\"index, follow, max-snippet:-1, max-image-preview:large, max-video-preview:-1\" \/>\n<link rel=\"canonical\" href=\"https:\/\/poseidonblue.gr\/de\/faq\/\" \/>\n<meta property=\"og:locale\" content=\"de_DE\" \/>\n<meta property=\"og:type\" content=\"article\" \/>\n<meta property=\"og:title\" content=\"H\u00c4UFIG GESTELLTE FRAGEN - Poseidon Blue Gastronomy Hotel | Karpathos\" \/>\n<meta property=\"og:description\" content=\"[vc_row][vc_column][vc_tta_accordion][vc_tta_section title=&#8220;Warum sollte ich das Poseidon Blue Gastronomy Hotel f\u00fcr meinen Aufenthalt auf Karpathos w\u00e4hlen?&#8220; tab_id=&#8220;1563517970136-343bfcfb-fdea&#8220;][vc_column_text]Unser familiengef\u00fchrtes Hotel ist seit 1983 in Betrieb. Es befindet sich oberhalb des Strandes Damatria, in der Gegend von Afiartis. Seine Lage ist ideal f\u00fcr alle G\u00e4ste, die einen erholsamen Urlaub verbringen m\u00f6chten, aber auch f\u00fcr diejenigen, die Wassersport lieben....\" \/>\n<meta property=\"og:url\" content=\"https:\/\/poseidonblue.gr\/de\/faq\/\" \/>\n<meta property=\"og:site_name\" content=\"Poseidon Blue Gastronomy Hotel | Karpathos\" \/>\n<meta property=\"article:modified_time\" content=\"2022-12-15T15:45:12+00:00\" \/>\n<meta property=\"og:image\" content=\"https:\/\/poseidonblue.gr\/wp-content\/uploads\/2020\/01\/0G0A7184-3.jpg\" \/>\n\t<meta property=\"og:image:width\" content=\"1920\" \/>\n\t<meta property=\"og:image:height\" content=\"1280\" \/>\n\t<meta property=\"og:image:type\" content=\"image\/jpeg\" \/>\n<meta name=\"twitter:card\" content=\"summary_large_image\" \/>\n<meta name=\"twitter:label1\" content=\"Gesch\u00e4tzte Lesezeit\" \/>\n\t<meta name=\"twitter:data1\" content=\"3\u00a0Minuten\" \/>\n<script type=\"application\/ld+json\" class=\"yoast-schema-graph\">{\"@context\":\"https:\/\/schema.org\",\"@graph\":[{\"@type\":\"WebPage\",\"@id\":\"https:\/\/poseidonblue.gr\/de\/faq\/\",\"url\":\"https:\/\/poseidonblue.gr\/de\/faq\/\",\"name\":\"H\u00c4UFIG GESTELLTE FRAGEN - Poseidon Blue Gastronomy Hotel | Karpathos\",\"isPartOf\":{\"@id\":\"https:\/\/poseidonblue.gr\/#website\"},\"primaryImageOfPage\":{\"@id\":\"https:\/\/poseidonblue.gr\/de\/faq\/#primaryimage\"},\"image\":{\"@id\":\"https:\/\/poseidonblue.gr\/de\/faq\/#primaryimage\"},\"thumbnailUrl\":\"https:\/\/poseidonblue.gr\/wp-content\/uploads\/2020\/01\/0G0A7184-3.jpg\",\"datePublished\":\"2019-07-19T06:47:26+00:00\",\"dateModified\":\"2022-12-15T15:45:12+00:00\",\"breadcrumb\":{\"@id\":\"https:\/\/poseidonblue.gr\/de\/faq\/#breadcrumb\"},\"inLanguage\":\"de\",\"potentialAction\":[{\"@type\":\"ReadAction\",\"target\":[\"https:\/\/poseidonblue.gr\/de\/faq\/\"]}]},{\"@type\":\"ImageObject\",\"inLanguage\":\"de\",\"@id\":\"https:\/\/poseidonblue.gr\/de\/faq\/#primaryimage\",\"url\":\"https:\/\/poseidonblue.gr\/wp-content\/uploads\/2020\/01\/0G0A7184-3.jpg\",\"contentUrl\":\"https:\/\/poseidonblue.gr\/wp-content\/uploads\/2020\/01\/0G0A7184-3.jpg\",\"width\":1920,\"height\":1280,\"caption\":\"Poseidon Blue Gastronomy Hotel | Afiartis Karpathos\"},{\"@type\":\"BreadcrumbList\",\"@id\":\"https:\/\/poseidonblue.gr\/de\/faq\/#breadcrumb\",\"itemListElement\":[{\"@type\":\"ListItem\",\"position\":1,\"name\":\"Home\",\"item\":\"https:\/\/poseidonblue.gr\/de\/\"},{\"@type\":\"ListItem\",\"position\":2,\"name\":\"H\u00c4UFIG GESTELLTE FRAGEN\"}]},{\"@type\":\"WebSite\",\"@id\":\"https:\/\/poseidonblue.gr\/#website\",\"url\":\"https:\/\/poseidonblue.gr\/\",\"name\":\"Poseidon Blue Gastronomy Hotel | Karpathos\",\"description\":\"Karpathos Accommodation | Poseidon Blue Gastronomy Hotel\",\"potentialAction\":[{\"@type\":\"SearchAction\",\"target\":{\"@type\":\"EntryPoint\",\"urlTemplate\":\"https:\/\/poseidonblue.gr\/?s={search_term_string}\"},\"query-input\":{\"@type\":\"PropertyValueSpecification\",\"valueRequired\":true,\"valueName\":\"search_term_string\"}}],\"inLanguage\":\"de\"}]}<\/script>\n<!-- \/ Yoast SEO plugin. -->","yoast_head_json":{"title":"H\u00c4UFIG GESTELLTE FRAGEN - Poseidon Blue Gastronomy Hotel | Karpathos","robots":{"index":"index","follow":"follow","max-snippet":"max-snippet:-1","max-image-preview":"max-image-preview:large","max-video-preview":"max-video-preview:-1"},"canonical":"https:\/\/poseidonblue.gr\/de\/faq\/","og_locale":"de_DE","og_type":"article","og_title":"H\u00c4UFIG GESTELLTE FRAGEN - Poseidon Blue Gastronomy Hotel | Karpathos","og_description":"[vc_row][vc_column][vc_tta_accordion][vc_tta_section title=&#8220;Warum sollte ich das Poseidon Blue Gastronomy Hotel f\u00fcr meinen Aufenthalt auf Karpathos w\u00e4hlen?&#8220; tab_id=&#8220;1563517970136-343bfcfb-fdea&#8220;][vc_column_text]Unser familiengef\u00fchrtes Hotel ist seit 1983 in Betrieb. Es befindet sich oberhalb des Strandes Damatria, in der Gegend von Afiartis. Seine Lage ist ideal f\u00fcr alle G\u00e4ste, die einen erholsamen Urlaub verbringen m\u00f6chten, aber auch f\u00fcr diejenigen, die Wassersport lieben....","og_url":"https:\/\/poseidonblue.gr\/de\/faq\/","og_site_name":"Poseidon Blue Gastronomy Hotel | Karpathos","article_modified_time":"2022-12-15T15:45:12+00:00","og_image":[{"width":1920,"height":1280,"url":"https:\/\/poseidonblue.gr\/wp-content\/uploads\/2020\/01\/0G0A7184-3.jpg","type":"image\/jpeg"}],"twitter_card":"summary_large_image","twitter_misc":{"Gesch\u00e4tzte Lesezeit":"3\u00a0Minuten"},"schema":{"@context":"https:\/\/schema.org","@graph":[{"@type":"WebPage","@id":"https:\/\/poseidonblue.gr\/de\/faq\/","url":"https:\/\/poseidonblue.gr\/de\/faq\/","name":"H\u00c4UFIG GESTELLTE FRAGEN - Poseidon Blue Gastronomy Hotel | Karpathos","isPartOf":{"@id":"https:\/\/poseidonblue.gr\/#website"},"primaryImageOfPage":{"@id":"https:\/\/poseidonblue.gr\/de\/faq\/#primaryimage"},"image":{"@id":"https:\/\/poseidonblue.gr\/de\/faq\/#primaryimage"},"thumbnailUrl":"https:\/\/poseidonblue.gr\/wp-content\/uploads\/2020\/01\/0G0A7184-3.jpg","datePublished":"2019-07-19T06:47:26+00:00","dateModified":"2022-12-15T15:45:12+00:00","breadcrumb":{"@id":"https:\/\/poseidonblue.gr\/de\/faq\/#breadcrumb"},"inLanguage":"de","potentialAction":[{"@type":"ReadAction","target":["https:\/\/poseidonblue.gr\/de\/faq\/"]}]},{"@type":"ImageObject","inLanguage":"de","@id":"https:\/\/poseidonblue.gr\/de\/faq\/#primaryimage","url":"https:\/\/poseidonblue.gr\/wp-content\/uploads\/2020\/01\/0G0A7184-3.jpg","contentUrl":"https:\/\/poseidonblue.gr\/wp-content\/uploads\/2020\/01\/0G0A7184-3.jpg","width":1920,"height":1280,"caption":"Poseidon Blue Gastronomy Hotel | Afiartis Karpathos"},{"@type":"BreadcrumbList","@id":"https:\/\/poseidonblue.gr\/de\/faq\/#breadcrumb","itemListElement":[{"@type":"ListItem","position":1,"name":"Home","item":"https:\/\/poseidonblue.gr\/de\/"},{"@type":"ListItem","position":2,"name":"H\u00c4UFIG GESTELLTE FRAGEN"}]},{"@type":"WebSite","@id":"https:\/\/poseidonblue.gr\/#website","url":"https:\/\/poseidonblue.gr\/","name":"Poseidon Blue Gastronomy Hotel | Karpathos","description":"Karpathos Accommodation | Poseidon Blue Gastronomy Hotel","potentialAction":[{"@type":"SearchAction","target":{"@type":"EntryPoint","urlTemplate":"https:\/\/poseidonblue.gr\/?s={search_term_string}"},"query-input":{"@type":"PropertyValueSpecification","valueRequired":true,"valueName":"search_term_string"}}],"inLanguage":"de"}]}},"_links":{"self":[{"href":"https:\/\/poseidonblue.gr\/de\/wp-json\/wp\/v2\/pages\/2621","targetHints":{"allow":["GET"]}}],"collection":[{"href":"https:\/\/poseidonblue.gr\/de\/wp-json\/wp\/v2\/pages"}],"about":[{"href":"https:\/\/poseidonblue.gr\/de\/wp-json\/wp\/v2\/types\/page"}],"author":[{"embeddable":true,"href":"https:\/\/poseidonblue.gr\/de\/wp-json\/wp\/v2\/users\/17"}],"replies":[{"embeddable":true,"href":"https:\/\/poseidonblue.gr\/de\/wp-json\/wp\/v2\/comments?post=2621"}],"version-history":[{"count":3,"href":"https:\/\/poseidonblue.gr\/de\/wp-json\/wp\/v2\/pages\/2621\/revisions"}],"predecessor-version":[{"id":2624,"href":"https:\/\/poseidonblue.gr\/de\/wp-json\/wp\/v2\/pages\/2621\/revisions\/2624"}],"wp:featuredmedia":[{"embeddable":true,"href":"https:\/\/poseidonblue.gr\/de\/wp-json\/wp\/v2\/media\/2301"}],"wp:attachment":[{"href":"https:\/\/poseidonblue.gr\/de\/wp-json\/wp\/v2\/media?parent=2621"}],"curies":[{"name":"wp","href":"https:\/\/api.w.org\/{rel}","templated":true}]}}