{"id":892,"date":"2018-06-04T14:58:55","date_gmt":"2018-06-04T12:58:55","guid":{"rendered":"https:\/\/poseidonblue.gr\/privacy-policy\/"},"modified":"2022-12-17T10:17:31","modified_gmt":"2022-12-17T08:17:31","slug":"privacy-policy","status":"publish","type":"page","link":"https:\/\/poseidonblue.gr\/de\/privacy-policy\/","title":{"rendered":"Datenschutzerkl\u00e4rung"},"content":{"rendered":"<p>\u0399. Alle Informationen, die sich auf pers\u00f6nliche Daten von Nutzern beziehen, werden als vertraulich gesichert. Das Unternehmen hat Verfahren zum Schutz der personenbezogenen Daten eingef\u00fchrt, die die Nutzer \u00fcber die Website zur Verf\u00fcgung stellen. Die Nutzerdaten sind vor unbefugtem Zugriff oder Offenlegung, Verlust oder Missbrauch sowie vor Ver\u00e4nderung oder Zerst\u00f6rung gesch\u00fctzt. Die Verbindung der Nutzer zur Website ist sicher, da eine digitale Authentifizierungstechnologie verwendet wird.<\/p>\n<p>II. Das Surfen auf unserer Website und in unseren Anwendungen, die \u00c4u\u00dferung des Interesses am Erwerb einer Dienstleistung sowie die Erstellung eines pers\u00f6nlichen Kontos auf der Website des Hotels stellen die ausdr\u00fcckliche Zustimmung des Nutzers dar, in Zukunft \u00fcber Werbe- oder Promotion-Aktivit\u00e4ten (Marketing) f\u00fcr Produkte und Dienstleistungen der Gegenwart per E-Mail informiert zu werden. Die zur Information der Nutzer gespeicherten Daten werden stets in \u00dcbereinstimmung mit dem Gesetz 2472\/1997, dem Gesetz 3471\/2006 und den Beschl\u00fcssen und Richtlinien der Beh\u00f6rde f\u00fcr den Schutz personenbezogener Daten aufbewahrt. Die Nutzer behalten sich das Recht vor, jederzeit und kostenlos die Best\u00e4tigung, \u00c4nderung oder L\u00f6schung ihrer Daten zu verlangen und sich vom Erhalt von E-Mails abzumelden, indem sie sich an den Veranstalter wenden.<\/p>\n<p>\u0399\u0399\u0399. Das Unternehmen gibt die Daten der Nutzer der Website und der Transaktionen nicht weiter, es sei denn, es liegt eine schriftliche Genehmigung von ihnen vor oder dies wird durch eine gerichtliche Entscheidung oder eine Entscheidung einer anderen \u00f6ffentlichen Beh\u00f6rde verlangt. Nur befugte Mitarbeiter haben bei Bedarf Zugang zu Transaktionsdaten. Der Nutzer kann jederzeit alle \u00fcber ihn gespeicherten Daten sowie deren Berichtigung im Falle von dokumentierten Fehlern anfordern.<\/p>\n<p>IV. Der Zugang zu den Systemen (Servern) des Unternehmens wird durch eine Firewall kontrolliert, die die Nutzung bestimmter Dienste erlaubt, den Zugang zu Systemen und Datenbanken mit vertraulichen Daten und Informationen des Unternehmens jedoch verbietet.<\/p>\n","protected":false},"excerpt":{"rendered":"<p>\u0399. Alle Informationen, die sich auf pers\u00f6nliche Daten von Nutzern beziehen, werden als vertraulich gesichert. Das Unternehmen hat Verfahren zum Schutz der personenbezogenen Daten eingef\u00fchrt, die die Nutzer \u00fcber die Website zur Verf\u00fcgung stellen. Die Nutzerdaten sind vor unbefugtem Zugriff oder Offenlegung, Verlust oder Missbrauch sowie vor Ver\u00e4nderung oder Zerst\u00f6rung gesch\u00fctzt. Die Verbindung der Nutzer&#8230;<\/p>\n","protected":false},"author":17,"featured_media":2302,"parent":0,"menu_order":0,"comment_status":"closed","ping_status":"closed","template":"","meta":{"footnotes":""},"class_list":["post-892","page","type-page","status-publish","has-post-thumbnail","hentry"],"yoast_head":"<!-- This site is optimized with the Yoast SEO plugin v26.5 - https:\/\/yoast.com\/wordpress\/plugins\/seo\/ -->\n<title>Datenschutzerkl\u00e4rung - Poseidon Blue Gastronomy Hotel | Karpathos<\/title>\n<meta name=\"robots\" content=\"index, follow, max-snippet:-1, max-image-preview:large, max-video-preview:-1\" \/>\n<link rel=\"canonical\" href=\"https:\/\/poseidonblue.gr\/de\/privacy-policy\/\" \/>\n<meta property=\"og:locale\" content=\"de_DE\" \/>\n<meta property=\"og:type\" content=\"article\" \/>\n<meta property=\"og:title\" content=\"Datenschutzerkl\u00e4rung - Poseidon Blue Gastronomy Hotel | Karpathos\" \/>\n<meta property=\"og:description\" content=\"\u0399. Alle Informationen, die sich auf pers\u00f6nliche Daten von Nutzern beziehen, werden als vertraulich gesichert. Das Unternehmen hat Verfahren zum Schutz der personenbezogenen Daten eingef\u00fchrt, die die Nutzer \u00fcber die Website zur Verf\u00fcgung stellen. Die Nutzerdaten sind vor unbefugtem Zugriff oder Offenlegung, Verlust oder Missbrauch sowie vor Ver\u00e4nderung oder Zerst\u00f6rung gesch\u00fctzt. Die Verbindung der Nutzer...\" \/>\n<meta property=\"og:url\" content=\"https:\/\/poseidonblue.gr\/de\/privacy-policy\/\" \/>\n<meta property=\"og:site_name\" content=\"Poseidon Blue Gastronomy Hotel | Karpathos\" \/>\n<meta property=\"article:modified_time\" content=\"2022-12-17T08:17:31+00:00\" \/>\n<meta property=\"og:image\" content=\"https:\/\/poseidonblue.gr\/wp-content\/uploads\/2020\/01\/0G0A7184-4.jpg\" \/>\n\t<meta property=\"og:image:width\" content=\"1920\" \/>\n\t<meta property=\"og:image:height\" content=\"1280\" \/>\n\t<meta property=\"og:image:type\" content=\"image\/jpeg\" \/>\n<meta name=\"twitter:card\" content=\"summary_large_image\" \/>\n<meta name=\"twitter:label1\" content=\"Gesch\u00e4tzte Lesezeit\" \/>\n\t<meta name=\"twitter:data1\" content=\"1\u00a0Minute\" \/>\n<script type=\"application\/ld+json\" class=\"yoast-schema-graph\">{\"@context\":\"https:\/\/schema.org\",\"@graph\":[{\"@type\":\"WebPage\",\"@id\":\"https:\/\/poseidonblue.gr\/de\/privacy-policy\/\",\"url\":\"https:\/\/poseidonblue.gr\/de\/privacy-policy\/\",\"name\":\"Datenschutzerkl\u00e4rung - Poseidon Blue Gastronomy Hotel | Karpathos\",\"isPartOf\":{\"@id\":\"https:\/\/poseidonblue.gr\/#website\"},\"primaryImageOfPage\":{\"@id\":\"https:\/\/poseidonblue.gr\/de\/privacy-policy\/#primaryimage\"},\"image\":{\"@id\":\"https:\/\/poseidonblue.gr\/de\/privacy-policy\/#primaryimage\"},\"thumbnailUrl\":\"https:\/\/poseidonblue.gr\/wp-content\/uploads\/2020\/01\/0G0A7184-4.jpg\",\"datePublished\":\"2018-06-04T12:58:55+00:00\",\"dateModified\":\"2022-12-17T08:17:31+00:00\",\"breadcrumb\":{\"@id\":\"https:\/\/poseidonblue.gr\/de\/privacy-policy\/#breadcrumb\"},\"inLanguage\":\"de\",\"potentialAction\":[{\"@type\":\"ReadAction\",\"target\":[\"https:\/\/poseidonblue.gr\/de\/privacy-policy\/\"]}]},{\"@type\":\"ImageObject\",\"inLanguage\":\"de\",\"@id\":\"https:\/\/poseidonblue.gr\/de\/privacy-policy\/#primaryimage\",\"url\":\"https:\/\/poseidonblue.gr\/wp-content\/uploads\/2020\/01\/0G0A7184-4.jpg\",\"contentUrl\":\"https:\/\/poseidonblue.gr\/wp-content\/uploads\/2020\/01\/0G0A7184-4.jpg\",\"width\":1920,\"height\":1280,\"caption\":\"Poseidon Blue Gastronomy Hotel | Afiartis Karpathos\"},{\"@type\":\"BreadcrumbList\",\"@id\":\"https:\/\/poseidonblue.gr\/de\/privacy-policy\/#breadcrumb\",\"itemListElement\":[{\"@type\":\"ListItem\",\"position\":1,\"name\":\"Home\",\"item\":\"https:\/\/poseidonblue.gr\/de\/\"},{\"@type\":\"ListItem\",\"position\":2,\"name\":\"Datenschutzerkl\u00e4rung\"}]},{\"@type\":\"WebSite\",\"@id\":\"https:\/\/poseidonblue.gr\/#website\",\"url\":\"https:\/\/poseidonblue.gr\/\",\"name\":\"Poseidon Blue Gastronomy Hotel | Karpathos\",\"description\":\"Karpathos Accommodation | Poseidon Blue Gastronomy Hotel\",\"potentialAction\":[{\"@type\":\"SearchAction\",\"target\":{\"@type\":\"EntryPoint\",\"urlTemplate\":\"https:\/\/poseidonblue.gr\/?s={search_term_string}\"},\"query-input\":{\"@type\":\"PropertyValueSpecification\",\"valueRequired\":true,\"valueName\":\"search_term_string\"}}],\"inLanguage\":\"de\"}]}<\/script>\n<!-- \/ Yoast SEO plugin. -->","yoast_head_json":{"title":"Datenschutzerkl\u00e4rung - Poseidon Blue Gastronomy Hotel | Karpathos","robots":{"index":"index","follow":"follow","max-snippet":"max-snippet:-1","max-image-preview":"max-image-preview:large","max-video-preview":"max-video-preview:-1"},"canonical":"https:\/\/poseidonblue.gr\/de\/privacy-policy\/","og_locale":"de_DE","og_type":"article","og_title":"Datenschutzerkl\u00e4rung - Poseidon Blue Gastronomy Hotel | Karpathos","og_description":"\u0399. Alle Informationen, die sich auf pers\u00f6nliche Daten von Nutzern beziehen, werden als vertraulich gesichert. Das Unternehmen hat Verfahren zum Schutz der personenbezogenen Daten eingef\u00fchrt, die die Nutzer \u00fcber die Website zur Verf\u00fcgung stellen. Die Nutzerdaten sind vor unbefugtem Zugriff oder Offenlegung, Verlust oder Missbrauch sowie vor Ver\u00e4nderung oder Zerst\u00f6rung gesch\u00fctzt. Die Verbindung der Nutzer...","og_url":"https:\/\/poseidonblue.gr\/de\/privacy-policy\/","og_site_name":"Poseidon Blue Gastronomy Hotel | Karpathos","article_modified_time":"2022-12-17T08:17:31+00:00","og_image":[{"width":1920,"height":1280,"url":"https:\/\/poseidonblue.gr\/wp-content\/uploads\/2020\/01\/0G0A7184-4.jpg","type":"image\/jpeg"}],"twitter_card":"summary_large_image","twitter_misc":{"Gesch\u00e4tzte Lesezeit":"1\u00a0Minute"},"schema":{"@context":"https:\/\/schema.org","@graph":[{"@type":"WebPage","@id":"https:\/\/poseidonblue.gr\/de\/privacy-policy\/","url":"https:\/\/poseidonblue.gr\/de\/privacy-policy\/","name":"Datenschutzerkl\u00e4rung - Poseidon Blue Gastronomy Hotel | Karpathos","isPartOf":{"@id":"https:\/\/poseidonblue.gr\/#website"},"primaryImageOfPage":{"@id":"https:\/\/poseidonblue.gr\/de\/privacy-policy\/#primaryimage"},"image":{"@id":"https:\/\/poseidonblue.gr\/de\/privacy-policy\/#primaryimage"},"thumbnailUrl":"https:\/\/poseidonblue.gr\/wp-content\/uploads\/2020\/01\/0G0A7184-4.jpg","datePublished":"2018-06-04T12:58:55+00:00","dateModified":"2022-12-17T08:17:31+00:00","breadcrumb":{"@id":"https:\/\/poseidonblue.gr\/de\/privacy-policy\/#breadcrumb"},"inLanguage":"de","potentialAction":[{"@type":"ReadAction","target":["https:\/\/poseidonblue.gr\/de\/privacy-policy\/"]}]},{"@type":"ImageObject","inLanguage":"de","@id":"https:\/\/poseidonblue.gr\/de\/privacy-policy\/#primaryimage","url":"https:\/\/poseidonblue.gr\/wp-content\/uploads\/2020\/01\/0G0A7184-4.jpg","contentUrl":"https:\/\/poseidonblue.gr\/wp-content\/uploads\/2020\/01\/0G0A7184-4.jpg","width":1920,"height":1280,"caption":"Poseidon Blue Gastronomy Hotel | Afiartis Karpathos"},{"@type":"BreadcrumbList","@id":"https:\/\/poseidonblue.gr\/de\/privacy-policy\/#breadcrumb","itemListElement":[{"@type":"ListItem","position":1,"name":"Home","item":"https:\/\/poseidonblue.gr\/de\/"},{"@type":"ListItem","position":2,"name":"Datenschutzerkl\u00e4rung"}]},{"@type":"WebSite","@id":"https:\/\/poseidonblue.gr\/#website","url":"https:\/\/poseidonblue.gr\/","name":"Poseidon Blue Gastronomy Hotel | Karpathos","description":"Karpathos Accommodation | Poseidon Blue Gastronomy Hotel","potentialAction":[{"@type":"SearchAction","target":{"@type":"EntryPoint","urlTemplate":"https:\/\/poseidonblue.gr\/?s={search_term_string}"},"query-input":{"@type":"PropertyValueSpecification","valueRequired":true,"valueName":"search_term_string"}}],"inLanguage":"de"}]}},"_links":{"self":[{"href":"https:\/\/poseidonblue.gr\/de\/wp-json\/wp\/v2\/pages\/892","targetHints":{"allow":["GET"]}}],"collection":[{"href":"https:\/\/poseidonblue.gr\/de\/wp-json\/wp\/v2\/pages"}],"about":[{"href":"https:\/\/poseidonblue.gr\/de\/wp-json\/wp\/v2\/types\/page"}],"author":[{"embeddable":true,"href":"https:\/\/poseidonblue.gr\/de\/wp-json\/wp\/v2\/users\/17"}],"replies":[{"embeddable":true,"href":"https:\/\/poseidonblue.gr\/de\/wp-json\/wp\/v2\/comments?post=892"}],"version-history":[{"count":3,"href":"https:\/\/poseidonblue.gr\/de\/wp-json\/wp\/v2\/pages\/892\/revisions"}],"predecessor-version":[{"id":3502,"href":"https:\/\/poseidonblue.gr\/de\/wp-json\/wp\/v2\/pages\/892\/revisions\/3502"}],"wp:featuredmedia":[{"embeddable":true,"href":"https:\/\/poseidonblue.gr\/de\/wp-json\/wp\/v2\/media\/2302"}],"wp:attachment":[{"href":"https:\/\/poseidonblue.gr\/de\/wp-json\/wp\/v2\/media?parent=892"}],"curies":[{"name":"wp","href":"https:\/\/api.w.org\/{rel}","templated":true}]}}