{"id":3401,"date":"2019-07-19T08:47:26","date_gmt":"2019-07-19T06:47:26","guid":{"rendered":"https:\/\/poseidonblue.gr\/faq\/"},"modified":"2022-12-17T10:53:12","modified_gmt":"2022-12-17T08:53:12","slug":"faq","status":"publish","type":"page","link":"https:\/\/poseidonblue.gr\/it\/faq\/","title":{"rendered":"DOMANDE FREQUENTI"},"content":{"rendered":"<p>[vc_row][vc_column][vc_tta_accordion][vc_tta_section title=&#8221;Perch\u00e9 scegliere il Poseidon Blue Gastronomy Hotel per il mio soggiorno a Karpathos?&#8221; tab_id=&#8221;1563517970136-343bfcfb-fdea&#8221;][vc_column_text]Il nostro albergo familiare funziona dal 1983. Si affaccia alla spiaggia di Damatria, nell\u2019area di Afiartis. La sua location costituisce la scelta ideale tanto per gli ospiti desiderosi di trascorrere delle vacanza serene quanto per chi ama gli sport acquatici. Il nostro rinomato ristorante vi offrir\u00e0 un indimenticabile viaggio gastronomico e le nostre strutture sono ideali per tutti quelli propensi a connettersi con la tradizione.[\/vc_column_text][\/vc_tta_section][vc_tta_section title=&#8221;Come raggiungo il Poseidon Blue Gastronomy Hotel a Karpathos?&#8221; tab_id=&#8221;1563517970160-d6c99580-92b6&#8243;][vc_column_text]Karpathos \u00e8 raggiungibile sia via aereo che nave. Vi sono collegamenti con vari luoghi della Grecia e dell\u2019estero. L\u2019albergo \u00e8 situato a soli 4 km dall\u2019aeroporto dell\u2019isola e a 11 km da Pigadia. In entrambi i casi potete arrivare in automobile oppure prendendo l\u2019autobus.[\/vc_column_text][\/vc_tta_section][vc_tta_section title=&#8221;Quando viene effettuato il Check-In \/ Check-Out al Poseidon Blue Gastronomy Hotel?&#8221; tab_id=&#8221;1563518344652-4bd5c33d-7bf6&#8243;][vc_column_text]Il Check-In viene effettuato alle 14:00 e il Check-Out alle 11:00. Contattateci per richiedere qualsiasi informazione sull\u2019ora di arrivo e di partenza dal nostro hotel.[\/vc_column_text][\/vc_tta_section][vc_tta_section title=&#8221;Qualdi attivit\u00e0 vale la pena praticare a Karpathos?&#8221; tab_id=&#8221;1563518386510-b729193f-5c4a&#8221;][vc_column_text]Karpathos \u00e8 un\u2019isola che offre attivit\u00e0 per tutti i gusti. I sentieri dell\u2019isola si prestano per gli amanti della natura, mentre sono disponibili anche gite in barca. Se avete una passione per l\u2019avventura in Afiartis troverete rinomate spiagge per praticare sport acquatici.[\/vc_column_text][\/vc_tta_section][vc_tta_section title=&#8221;Quali attrazioni non dovrei perdere a Karpathos?&#8221; tab_id=&#8221;1563518460765-3e10676a-2c46&#8243;][vc_column_text]Karpathos vanta una bellezza naturale pura, una tradizione viva e una lunga storia. Raggiungete le spiagge dalle acque cristalline, i borghi tradizionali e i musei dell\u2019isola per non perdere nulla durante le vostre vacanze![\/vc_column_text][\/vc_tta_section][vc_tta_section title=&#8221;Quali sono le migliori spiagge di Karpathos?&#8221; tab_id=&#8221;1563518525438-00b0c362-bdba&#8221;][vc_column_text]L\u2019isola vanta pi\u00f9 di 100 spiagge registrate. Dalla rinomata Apella e Aghios Min\u00e0s fino ad Ahata dal fondale magico, ogni spiaggia vi regaler\u00e0 un\u2019esperienza unica![\/vc_column_text][\/vc_tta_section][vc_tta_section title=&#8221;Come posso effettuare una prenotazione al Poseidon Blue Gastronomy Hotel?&#8221; tab_id=&#8221;1563518551614-de1ee8fc-1a6f&#8221;][vc_column_text]Potete prenotare online in modo facile e veloce attraverso la pagina web del nostro albergo. Scegliete tra le nostre camere e suites quella che fa per voi e prenotate oggi un soggiorno indimenticabile.[\/vc_column_text][\/vc_tta_section][vc_tta_section title=&#8221;Cosa trover\u00e0 nel men\u00f9 del Poseidon Blue Restaurant?&#8221; tab_id=&#8221;1563518727647-cee22476-17ef&#8221;][vc_column_text]Il Poseidon Blue Restaurant serve cucina mediterranea e internazionale, pane cotto al forno a legna, ingredienti locali freschi, formaggi e vini provenienti da tutta la Grecia, e tanto altro ancora. Ogni domenica potete gustare le specialit\u00e0 della Chef, come l\u2019agnello con bulghur cotto nel forno a legna e lo stinco di maiale (pork shank).[\/vc_column_text][\/vc_tta_section][vc_tta_section title=&#8221;Cosa imparer\u00f2 alle leziodi di cucina?&#8221; tab_id=&#8221;1563518778172-1282f6c8-1f48&#8243;][vc_column_text]Alle lezioni di cucina organizzate da noi avrete l\u2019opportunit\u00e0 di conoscere la Chef Angela Papavasiliou, preparare ricette tradizionali sotto sue indicazioni e provare insieme tutti i piatti creati.[\/vc_column_text][\/vc_tta_section][\/vc_tta_accordion][\/vc_column][\/vc_row][vc_row][vc_column][vc_empty_space][\/vc_column][\/vc_row]<\/p>\n","protected":false},"excerpt":{"rendered":"<p>[vc_row][vc_column][vc_tta_accordion][vc_tta_section title=&#8221;Perch\u00e9 scegliere il Poseidon Blue Gastronomy Hotel per il mio soggiorno a Karpathos?&#8221; tab_id=&#8221;1563517970136-343bfcfb-fdea&#8221;][vc_column_text]Il nostro albergo familiare funziona dal 1983. Si affaccia alla spiaggia di Damatria, nell\u2019area di Afiartis. La sua location costituisce la scelta ideale tanto per gli ospiti desiderosi di trascorrere delle vacanza serene quanto per chi ama gli sport acquatici. Il&#8230;<\/p>\n","protected":false},"author":17,"featured_media":2963,"parent":0,"menu_order":0,"comment_status":"closed","ping_status":"closed","template":"","meta":{"footnotes":""},"class_list":["post-3401","page","type-page","status-publish","has-post-thumbnail","hentry"],"yoast_head":"<!-- This site is optimized with the Yoast SEO plugin v26.5 - https:\/\/yoast.com\/wordpress\/plugins\/seo\/ -->\n<title>DOMANDE FREQUENTI - Poseidon Blue Gastronomy Hotel | Karpathos<\/title>\n<meta name=\"robots\" content=\"index, follow, max-snippet:-1, max-image-preview:large, max-video-preview:-1\" \/>\n<link rel=\"canonical\" href=\"https:\/\/poseidonblue.gr\/it\/faq\/\" \/>\n<meta property=\"og:locale\" content=\"it_IT\" \/>\n<meta property=\"og:type\" content=\"article\" \/>\n<meta property=\"og:title\" content=\"DOMANDE FREQUENTI - Poseidon Blue Gastronomy Hotel | Karpathos\" \/>\n<meta property=\"og:description\" content=\"[vc_row][vc_column][vc_tta_accordion][vc_tta_section title=&#8221;Perch\u00e9 scegliere il Poseidon Blue Gastronomy Hotel per il mio soggiorno a Karpathos?&#8221; tab_id=&#8221;1563517970136-343bfcfb-fdea&#8221;][vc_column_text]Il nostro albergo familiare funziona dal 1983. Si affaccia alla spiaggia di Damatria, nell\u2019area di Afiartis. La sua location costituisce la scelta ideale tanto per gli ospiti desiderosi di trascorrere delle vacanza serene quanto per chi ama gli sport acquatici. Il...\" \/>\n<meta property=\"og:url\" content=\"https:\/\/poseidonblue.gr\/it\/faq\/\" \/>\n<meta property=\"og:site_name\" content=\"Poseidon Blue Gastronomy Hotel | Karpathos\" \/>\n<meta property=\"article:modified_time\" content=\"2022-12-17T08:53:12+00:00\" \/>\n<meta property=\"og:image\" content=\"https:\/\/poseidonblue.gr\/wp-content\/uploads\/2020\/01\/0G0A7184-3.jpg\" \/>\n\t<meta property=\"og:image:width\" content=\"1920\" \/>\n\t<meta property=\"og:image:height\" content=\"1280\" \/>\n\t<meta property=\"og:image:type\" content=\"image\/jpeg\" \/>\n<meta name=\"twitter:card\" content=\"summary_large_image\" \/>\n<meta name=\"twitter:label1\" content=\"Tempo di lettura stimato\" \/>\n\t<meta name=\"twitter:data1\" content=\"3 minuti\" \/>\n<script type=\"application\/ld+json\" class=\"yoast-schema-graph\">{\"@context\":\"https:\/\/schema.org\",\"@graph\":[{\"@type\":\"WebPage\",\"@id\":\"https:\/\/poseidonblue.gr\/it\/faq\/\",\"url\":\"https:\/\/poseidonblue.gr\/it\/faq\/\",\"name\":\"DOMANDE FREQUENTI - Poseidon Blue Gastronomy Hotel | Karpathos\",\"isPartOf\":{\"@id\":\"https:\/\/poseidonblue.gr\/#website\"},\"primaryImageOfPage\":{\"@id\":\"https:\/\/poseidonblue.gr\/it\/faq\/#primaryimage\"},\"image\":{\"@id\":\"https:\/\/poseidonblue.gr\/it\/faq\/#primaryimage\"},\"thumbnailUrl\":\"https:\/\/poseidonblue.gr\/wp-content\/uploads\/2020\/01\/0G0A7184-3.jpg\",\"datePublished\":\"2019-07-19T06:47:26+00:00\",\"dateModified\":\"2022-12-17T08:53:12+00:00\",\"breadcrumb\":{\"@id\":\"https:\/\/poseidonblue.gr\/it\/faq\/#breadcrumb\"},\"inLanguage\":\"it-IT\",\"potentialAction\":[{\"@type\":\"ReadAction\",\"target\":[\"https:\/\/poseidonblue.gr\/it\/faq\/\"]}]},{\"@type\":\"ImageObject\",\"inLanguage\":\"it-IT\",\"@id\":\"https:\/\/poseidonblue.gr\/it\/faq\/#primaryimage\",\"url\":\"https:\/\/poseidonblue.gr\/wp-content\/uploads\/2020\/01\/0G0A7184-3.jpg\",\"contentUrl\":\"https:\/\/poseidonblue.gr\/wp-content\/uploads\/2020\/01\/0G0A7184-3.jpg\",\"width\":1920,\"height\":1280,\"caption\":\"Poseidon Blue Gastronomy Hotel | Afiartis Karpathos\"},{\"@type\":\"BreadcrumbList\",\"@id\":\"https:\/\/poseidonblue.gr\/it\/faq\/#breadcrumb\",\"itemListElement\":[{\"@type\":\"ListItem\",\"position\":1,\"name\":\"Home\",\"item\":\"https:\/\/poseidonblue.gr\/it\/\"},{\"@type\":\"ListItem\",\"position\":2,\"name\":\"DOMANDE FREQUENTI\"}]},{\"@type\":\"WebSite\",\"@id\":\"https:\/\/poseidonblue.gr\/#website\",\"url\":\"https:\/\/poseidonblue.gr\/\",\"name\":\"Poseidon Blue Gastronomy Hotel | Karpathos\",\"description\":\"Karpathos Accommodation | Poseidon Blue Gastronomy Hotel\",\"potentialAction\":[{\"@type\":\"SearchAction\",\"target\":{\"@type\":\"EntryPoint\",\"urlTemplate\":\"https:\/\/poseidonblue.gr\/?s={search_term_string}\"},\"query-input\":{\"@type\":\"PropertyValueSpecification\",\"valueRequired\":true,\"valueName\":\"search_term_string\"}}],\"inLanguage\":\"it-IT\"}]}<\/script>\n<!-- \/ Yoast SEO plugin. -->","yoast_head_json":{"title":"DOMANDE FREQUENTI - Poseidon Blue Gastronomy Hotel | Karpathos","robots":{"index":"index","follow":"follow","max-snippet":"max-snippet:-1","max-image-preview":"max-image-preview:large","max-video-preview":"max-video-preview:-1"},"canonical":"https:\/\/poseidonblue.gr\/it\/faq\/","og_locale":"it_IT","og_type":"article","og_title":"DOMANDE FREQUENTI - Poseidon Blue Gastronomy Hotel | Karpathos","og_description":"[vc_row][vc_column][vc_tta_accordion][vc_tta_section title=&#8221;Perch\u00e9 scegliere il Poseidon Blue Gastronomy Hotel per il mio soggiorno a Karpathos?&#8221; tab_id=&#8221;1563517970136-343bfcfb-fdea&#8221;][vc_column_text]Il nostro albergo familiare funziona dal 1983. Si affaccia alla spiaggia di Damatria, nell\u2019area di Afiartis. La sua location costituisce la scelta ideale tanto per gli ospiti desiderosi di trascorrere delle vacanza serene quanto per chi ama gli sport acquatici. Il...","og_url":"https:\/\/poseidonblue.gr\/it\/faq\/","og_site_name":"Poseidon Blue Gastronomy Hotel | Karpathos","article_modified_time":"2022-12-17T08:53:12+00:00","og_image":[{"width":1920,"height":1280,"url":"https:\/\/poseidonblue.gr\/wp-content\/uploads\/2020\/01\/0G0A7184-3.jpg","type":"image\/jpeg"}],"twitter_card":"summary_large_image","twitter_misc":{"Tempo di lettura stimato":"3 minuti"},"schema":{"@context":"https:\/\/schema.org","@graph":[{"@type":"WebPage","@id":"https:\/\/poseidonblue.gr\/it\/faq\/","url":"https:\/\/poseidonblue.gr\/it\/faq\/","name":"DOMANDE FREQUENTI - Poseidon Blue Gastronomy Hotel | Karpathos","isPartOf":{"@id":"https:\/\/poseidonblue.gr\/#website"},"primaryImageOfPage":{"@id":"https:\/\/poseidonblue.gr\/it\/faq\/#primaryimage"},"image":{"@id":"https:\/\/poseidonblue.gr\/it\/faq\/#primaryimage"},"thumbnailUrl":"https:\/\/poseidonblue.gr\/wp-content\/uploads\/2020\/01\/0G0A7184-3.jpg","datePublished":"2019-07-19T06:47:26+00:00","dateModified":"2022-12-17T08:53:12+00:00","breadcrumb":{"@id":"https:\/\/poseidonblue.gr\/it\/faq\/#breadcrumb"},"inLanguage":"it-IT","potentialAction":[{"@type":"ReadAction","target":["https:\/\/poseidonblue.gr\/it\/faq\/"]}]},{"@type":"ImageObject","inLanguage":"it-IT","@id":"https:\/\/poseidonblue.gr\/it\/faq\/#primaryimage","url":"https:\/\/poseidonblue.gr\/wp-content\/uploads\/2020\/01\/0G0A7184-3.jpg","contentUrl":"https:\/\/poseidonblue.gr\/wp-content\/uploads\/2020\/01\/0G0A7184-3.jpg","width":1920,"height":1280,"caption":"Poseidon Blue Gastronomy Hotel | Afiartis Karpathos"},{"@type":"BreadcrumbList","@id":"https:\/\/poseidonblue.gr\/it\/faq\/#breadcrumb","itemListElement":[{"@type":"ListItem","position":1,"name":"Home","item":"https:\/\/poseidonblue.gr\/it\/"},{"@type":"ListItem","position":2,"name":"DOMANDE FREQUENTI"}]},{"@type":"WebSite","@id":"https:\/\/poseidonblue.gr\/#website","url":"https:\/\/poseidonblue.gr\/","name":"Poseidon Blue Gastronomy Hotel | Karpathos","description":"Karpathos Accommodation | Poseidon Blue Gastronomy Hotel","potentialAction":[{"@type":"SearchAction","target":{"@type":"EntryPoint","urlTemplate":"https:\/\/poseidonblue.gr\/?s={search_term_string}"},"query-input":{"@type":"PropertyValueSpecification","valueRequired":true,"valueName":"search_term_string"}}],"inLanguage":"it-IT"}]}},"_links":{"self":[{"href":"https:\/\/poseidonblue.gr\/it\/wp-json\/wp\/v2\/pages\/3401","targetHints":{"allow":["GET"]}}],"collection":[{"href":"https:\/\/poseidonblue.gr\/it\/wp-json\/wp\/v2\/pages"}],"about":[{"href":"https:\/\/poseidonblue.gr\/it\/wp-json\/wp\/v2\/types\/page"}],"author":[{"embeddable":true,"href":"https:\/\/poseidonblue.gr\/it\/wp-json\/wp\/v2\/users\/17"}],"replies":[{"embeddable":true,"href":"https:\/\/poseidonblue.gr\/it\/wp-json\/wp\/v2\/comments?post=3401"}],"version-history":[{"count":5,"href":"https:\/\/poseidonblue.gr\/it\/wp-json\/wp\/v2\/pages\/3401\/revisions"}],"predecessor-version":[{"id":3530,"href":"https:\/\/poseidonblue.gr\/it\/wp-json\/wp\/v2\/pages\/3401\/revisions\/3530"}],"wp:featuredmedia":[{"embeddable":true,"href":"https:\/\/poseidonblue.gr\/it\/wp-json\/wp\/v2\/media\/2963"}],"wp:attachment":[{"href":"https:\/\/poseidonblue.gr\/it\/wp-json\/wp\/v2\/media?parent=3401"}],"curies":[{"name":"wp","href":"https:\/\/api.w.org\/{rel}","templated":true}]}}